{"id":4030,"date":"2024-08-31T12:43:04","date_gmt":"2024-08-31T12:43:04","guid":{"rendered":"https:\/\/blomgrentravel.se\/news\/"},"modified":"2026-05-03T10:14:43","modified_gmt":"2026-05-03T10:14:43","slug":"news","status":"publish","type":"page","link":"https:\/\/blomgrentravel.se\/en\/news\/","title":{"rendered":"News"},"content":{"rendered":"\t\t<div data-elementor-type=\"wp-page\" data-elementor-id=\"4030\" class=\"elementor elementor-4030 elementor-1379\">\n\t\t\t\t\t\t<section class=\"elementor-section elementor-top-section elementor-element elementor-element-238b5f3a elementor-section-boxed elementor-section-height-default elementor-section-height-default\" data-id=\"238b5f3a\" data-element_type=\"section\" data-e-type=\"section\">\n\t\t\t\t\t\t<div class=\"elementor-container elementor-column-gap-narrow\">\n\t\t\t\t\t<div class=\"elementor-column elementor-col-100 elementor-top-column elementor-element elementor-element-4bbf6aaa\" data-id=\"4bbf6aaa\" data-element_type=\"column\" data-e-type=\"column\">\n\t\t\t<div class=\"elementor-widget-wrap elementor-element-populated\">\n\t\t\t\t\t\t<div class=\"elementor-section elementor-inner-section elementor-element elementor-element-3399a9b2 elementor-section-full_width elementor-section-height-default elementor-section-height-default\" data-id=\"3399a9b2\" data-element_type=\"section\" data-e-type=\"section\">\n\t\t\t\t\t\t<div class=\"elementor-container elementor-column-gap-default\">\n\t\t\t\t\t<div class=\"elementor-column elementor-col-100 elementor-inner-column elementor-element elementor-element-4b687615\" data-id=\"4b687615\" data-element_type=\"column\" data-e-type=\"column\" data-settings=\"{&quot;animation&quot;:&quot;none&quot;}\">\n\t\t\t<div class=\"elementor-widget-wrap elementor-element-populated\">\n\t\t\t\t\t\t<div class=\"elementor-element elementor-element-6f39203 elementor-widget elementor-widget-travol-blog-grid\" data-id=\"6f39203\" data-element_type=\"widget\" data-e-type=\"widget\" data-widget_type=\"travol-blog-grid.default\">\n\t\t\t\t<div class=\"elementor-widget-container\">\n\t\t\t\t\t\t\t<div class=\"blog\">\r\n\t\t\t<div class=\"container-after-blog-grid\">\r\n\t\t\t\t\t\t\t\t<div class=\"row isotope-items-wrap  no-hide-last loadmore-wrapper-blog \" data-load-item=\"10000000\" data-button-text=\"Load More\">\r\n\t\t\t\t\t\t\t\t\t\t<div class=\"col-md-4 mb-30 isotope-item\">\r\n\t\t\t\t\t\t<div class=\"item\">\r\n\t\t\t\t\t\t\t<div class=\"position-re o-hidden position-re-order-blog\" > \r\n\t\t\t\t\t\t\t\t\t\t\t\t\t\t<div class=\"cd-pt-ab\">\r\n\t\t\t\t\t\t\t<img decoding=\"async\" src=\"https:\/\/blomgrentravel.se\/wp-content\/uploads\/2022\/08\/Nyheter-generisk-bild.webp\" alt=\"Lufthansa cancels 20,000 departures\">\r\n\t\t\t\t\t\t\t<\/div>\r\n\t\t\t\t\t\t\t\t\t\t\t\t\t\t\t<div class=\"date\">\r\n\t\t\t\t\t\t\t\t\t<a href=\"https:\/\/blomgrentravel.se\/en\/lufthansa-cancels-20000-departures\/\"> <span>Apr<\/span> <i>22<\/i> <\/a>\r\n\t\t\t\t\t\t\t\t<\/div>\r\n\t\t\t\t\t\t\t<\/div>\r\n\t\t\t\t\t\t\t\t\t\t\t\t\t\t\t<div class=\"con\"> \r\n\t\t\t\t\t\t\t\t\t\t\t\t\t\t\t\t\t<span class=\"category\">\r\n\t\t\t\t\t\t\t\t\t\t\t\t\t\t\t\t\t\t\t<a href=\"https:\/\/blomgrentravel.se\/en\/category\/news\/\">News  <\/a>\r\n\t\t\t\t\t\t\t\t\t\t\t\t\t\t\t\t\t\t<\/span>\r\n\t\t\t\t\t\t\t\t\t\t\t\t\t\t\t\t\t<h5 class=\"tl-post-el-title\"><a href=\"https:\/\/blomgrentravel.se\/en\/lufthansa-cancels-20000-departures\/\">Lufthansa cancels 20,000 departures<\/a><\/h5>\r\n\t\t\t\t\t\t\t\t<\/div>\r\n\t\t\t\t\t\t<\/div>\r\n\t\t\t\t\t<\/div>\r\n\t\t\t\t\t\t\t\t\t\t<div class=\"col-md-4 mb-30 isotope-item\">\r\n\t\t\t\t\t\t<div class=\"item\">\r\n\t\t\t\t\t\t\t<div class=\"position-re o-hidden position-re-order-blog\" > \r\n\t\t\t\t\t\t\t\t\t\t\t\t\t\t<div class=\"cd-pt-ab\">\r\n\t\t\t\t\t\t\t<img decoding=\"async\" src=\"https:\/\/blomgrentravel.se\/wp-content\/uploads\/2022\/08\/Nyheter-generisk-bild.webp\" alt=\"Strike at Lufthansa\">\r\n\t\t\t\t\t\t\t<\/div>\r\n\t\t\t\t\t\t\t\t\t\t\t\t\t\t\t<div class=\"date\">\r\n\t\t\t\t\t\t\t\t\t<a href=\"https:\/\/blomgrentravel.se\/en\/strike-at-lufthansa\/\"> <span>Apr<\/span> <i>14<\/i> <\/a>\r\n\t\t\t\t\t\t\t\t<\/div>\r\n\t\t\t\t\t\t\t<\/div>\r\n\t\t\t\t\t\t\t\t\t\t\t\t\t\t\t<div class=\"con\"> \r\n\t\t\t\t\t\t\t\t\t\t\t\t\t\t\t\t\t<span class=\"category\">\r\n\t\t\t\t\t\t\t\t\t\t\t\t\t\t\t\t\t\t\t<a href=\"https:\/\/blomgrentravel.se\/en\/category\/news\/\">News  <\/a>\r\n\t\t\t\t\t\t\t\t\t\t\t\t\t\t\t\t\t\t<\/span>\r\n\t\t\t\t\t\t\t\t\t\t\t\t\t\t\t\t\t<h5 class=\"tl-post-el-title\"><a href=\"https:\/\/blomgrentravel.se\/en\/strike-at-lufthansa\/\">Strike at Lufthansa<\/a><\/h5>\r\n\t\t\t\t\t\t\t\t<\/div>\r\n\t\t\t\t\t\t<\/div>\r\n\t\t\t\t\t<\/div>\r\n\t\t\t\t\t\t\t\t\t\t<div class=\"col-md-4 mb-30 isotope-item\">\r\n\t\t\t\t\t\t<div class=\"item\">\r\n\t\t\t\t\t\t\t<div class=\"position-re o-hidden position-re-order-blog\" > \r\n\t\t\t\t\t\t\t\t\t\t\t\t\t\t<div class=\"cd-pt-ab\">\r\n\t\t\t\t\t\t\t<img decoding=\"async\" src=\"https:\/\/blomgrentravel.se\/wp-content\/uploads\/2022\/08\/Nyheter-generisk-bild.webp\" alt=\"Viking Line reduces the speed of the Finland ferry\">\r\n\t\t\t\t\t\t\t<\/div>\r\n\t\t\t\t\t\t\t\t\t\t\t\t\t\t\t<div class=\"date\">\r\n\t\t\t\t\t\t\t\t\t<a href=\"https:\/\/blomgrentravel.se\/en\/viking-line-reduces-the-speed-of-the-finland-ferry\/\"> <span>Apr<\/span> <i>10<\/i> <\/a>\r\n\t\t\t\t\t\t\t\t<\/div>\r\n\t\t\t\t\t\t\t<\/div>\r\n\t\t\t\t\t\t\t\t\t\t\t\t\t\t\t<div class=\"con\"> \r\n\t\t\t\t\t\t\t\t\t\t\t\t\t\t\t\t\t<span class=\"category\">\r\n\t\t\t\t\t\t\t\t\t\t\t\t\t\t\t\t\t\t\t<a href=\"https:\/\/blomgrentravel.se\/en\/category\/news\/\">News  <\/a>\r\n\t\t\t\t\t\t\t\t\t\t\t\t\t\t\t\t\t\t<\/span>\r\n\t\t\t\t\t\t\t\t\t\t\t\t\t\t\t\t\t<h5 class=\"tl-post-el-title\"><a href=\"https:\/\/blomgrentravel.se\/en\/viking-line-reduces-the-speed-of-the-finland-ferry\/\">Viking Line reduces the speed of the Finland ferry<\/a><\/h5>\r\n\t\t\t\t\t\t\t\t<\/div>\r\n\t\t\t\t\t\t<\/div>\r\n\t\t\t\t\t<\/div>\r\n\t\t\t\t\t\t\t\t\t\t<div class=\"col-md-4 mb-30 isotope-item\">\r\n\t\t\t\t\t\t<div class=\"item\">\r\n\t\t\t\t\t\t\t<div class=\"position-re o-hidden position-re-order-blog\" > \r\n\t\t\t\t\t\t\t\t\t\t\t\t\t\t<div class=\"cd-pt-ab\">\r\n\t\t\t\t\t\t\t<img decoding=\"async\" src=\"https:\/\/blomgrentravel.se\/wp-content\/uploads\/2022\/08\/Nyheter-generisk-bild.webp\" alt=\"Happy Easter\">\r\n\t\t\t\t\t\t\t<\/div>\r\n\t\t\t\t\t\t\t\t\t\t\t\t\t\t\t<div class=\"date\">\r\n\t\t\t\t\t\t\t\t\t<a href=\"https:\/\/blomgrentravel.se\/en\/happy-easter\/\"> <span>Apr<\/span> <i>02<\/i> <\/a>\r\n\t\t\t\t\t\t\t\t<\/div>\r\n\t\t\t\t\t\t\t<\/div>\r\n\t\t\t\t\t\t\t\t\t\t\t\t\t\t\t<div class=\"con\"> \r\n\t\t\t\t\t\t\t\t\t\t\t\t\t\t\t\t\t<span class=\"category\">\r\n\t\t\t\t\t\t\t\t\t\t\t\t\t\t\t\t\t\t\t<a href=\"https:\/\/blomgrentravel.se\/en\/category\/news\/\">News  <\/a>\r\n\t\t\t\t\t\t\t\t\t\t\t\t\t\t\t\t\t\t<\/span>\r\n\t\t\t\t\t\t\t\t\t\t\t\t\t\t\t\t\t<h5 class=\"tl-post-el-title\"><a href=\"https:\/\/blomgrentravel.se\/en\/happy-easter\/\">Happy Easter<\/a><\/h5>\r\n\t\t\t\t\t\t\t\t<\/div>\r\n\t\t\t\t\t\t<\/div>\r\n\t\t\t\t\t<\/div>\r\n\t\t\t\t\t\t\t\t\t\t<div class=\"col-md-4 mb-30 isotope-item\">\r\n\t\t\t\t\t\t<div class=\"item\">\r\n\t\t\t\t\t\t\t<div class=\"position-re o-hidden position-re-order-blog\" > \r\n\t\t\t\t\t\t\t\t\t\t\t\t\t\t<div class=\"cd-pt-ab\">\r\n\t\t\t\t\t\t\t<img decoding=\"async\" src=\"https:\/\/blomgrentravel.se\/wp-content\/uploads\/2022\/08\/Nyheter-generisk-bild.webp\" alt=\"Return of high-speed trains between Copenhagen and Stockholm\">\r\n\t\t\t\t\t\t\t<\/div>\r\n\t\t\t\t\t\t\t\t\t\t\t\t\t\t\t<div class=\"date\">\r\n\t\t\t\t\t\t\t\t\t<a href=\"https:\/\/blomgrentravel.se\/en\/return-of-high-speed-trains-between-copenhagen-and-stockholm\/\"> <span>Apr<\/span> <i>01<\/i> <\/a>\r\n\t\t\t\t\t\t\t\t<\/div>\r\n\t\t\t\t\t\t\t<\/div>\r\n\t\t\t\t\t\t\t\t\t\t\t\t\t\t\t<div class=\"con\"> \r\n\t\t\t\t\t\t\t\t\t\t\t\t\t\t\t\t\t<span class=\"category\">\r\n\t\t\t\t\t\t\t\t\t\t\t\t\t\t\t\t\t\t\t<a href=\"https:\/\/blomgrentravel.se\/en\/category\/news\/\">News  <\/a>\r\n\t\t\t\t\t\t\t\t\t\t\t\t\t\t\t\t\t\t<\/span>\r\n\t\t\t\t\t\t\t\t\t\t\t\t\t\t\t\t\t<h5 class=\"tl-post-el-title\"><a href=\"https:\/\/blomgrentravel.se\/en\/return-of-high-speed-trains-between-copenhagen-and-stockholm\/\">Return of high-speed trains between Copenhagen and Stockholm<\/a><\/h5>\r\n\t\t\t\t\t\t\t\t<\/div>\r\n\t\t\t\t\t\t<\/div>\r\n\t\t\t\t\t<\/div>\r\n\t\t\t\t\t\t\t\t\t\t<div class=\"col-md-4 mb-30 isotope-item\">\r\n\t\t\t\t\t\t<div class=\"item\">\r\n\t\t\t\t\t\t\t<div class=\"position-re o-hidden position-re-order-blog\" > \r\n\t\t\t\t\t\t\t\t\t\t\t\t\t\t<div class=\"cd-pt-ab\">\r\n\t\t\t\t\t\t\t<img decoding=\"async\" src=\"https:\/\/blomgrentravel.se\/wp-content\/uploads\/2022\/08\/Nyheter-generisk-bild.webp\" alt=\"Planned downtime for train bookings in our self-booking portal on April 1.\">\r\n\t\t\t\t\t\t\t<\/div>\r\n\t\t\t\t\t\t\t\t\t\t\t\t\t\t\t<div class=\"date\">\r\n\t\t\t\t\t\t\t\t\t<a href=\"https:\/\/blomgrentravel.se\/en\/planned-downtime-for-train-bookings-in-our-self-booking-portal-on-april-1\/\"> <span>Mar<\/span> <i>31<\/i> <\/a>\r\n\t\t\t\t\t\t\t\t<\/div>\r\n\t\t\t\t\t\t\t<\/div>\r\n\t\t\t\t\t\t\t\t\t\t\t\t\t\t\t<div class=\"con\"> \r\n\t\t\t\t\t\t\t\t\t\t\t\t\t\t\t\t\t<span class=\"category\">\r\n\t\t\t\t\t\t\t\t\t\t\t\t\t\t\t\t\t\t\t<a href=\"https:\/\/blomgrentravel.se\/en\/category\/news\/\">News  <\/a>\r\n\t\t\t\t\t\t\t\t\t\t\t\t\t\t\t\t\t\t<\/span>\r\n\t\t\t\t\t\t\t\t\t\t\t\t\t\t\t\t\t<h5 class=\"tl-post-el-title\"><a href=\"https:\/\/blomgrentravel.se\/en\/planned-downtime-for-train-bookings-in-our-self-booking-portal-on-april-1\/\">Planned downtime for train bookings in our self-booking portal on April 1.<\/a><\/h5>\r\n\t\t\t\t\t\t\t\t<\/div>\r\n\t\t\t\t\t\t<\/div>\r\n\t\t\t\t\t<\/div>\r\n\t\t\t\t\t\t\t\t\t\t<div class=\"col-md-4 mb-30 isotope-item\">\r\n\t\t\t\t\t\t<div class=\"item\">\r\n\t\t\t\t\t\t\t<div class=\"position-re o-hidden position-re-order-blog\" > \r\n\t\t\t\t\t\t\t\t\t\t\t\t\t\t<div class=\"cd-pt-ab\">\r\n\t\t\t\t\t\t\t<img decoding=\"async\" src=\"https:\/\/blomgrentravel.se\/wp-content\/uploads\/2022\/08\/Nyheter-generisk-bild.webp\" alt=\"Lufthansa suspends routes to the Middle East\">\r\n\t\t\t\t\t\t\t<\/div>\r\n\t\t\t\t\t\t\t\t\t\t\t\t\t\t\t<div class=\"date\">\r\n\t\t\t\t\t\t\t\t\t<a href=\"https:\/\/blomgrentravel.se\/en\/lufthansa-suspends-routes-to-the-middle-east\/\"> <span>Mar<\/span> <i>25<\/i> <\/a>\r\n\t\t\t\t\t\t\t\t<\/div>\r\n\t\t\t\t\t\t\t<\/div>\r\n\t\t\t\t\t\t\t\t\t\t\t\t\t\t\t<div class=\"con\"> \r\n\t\t\t\t\t\t\t\t\t\t\t\t\t\t\t\t\t<span class=\"category\">\r\n\t\t\t\t\t\t\t\t\t\t\t\t\t\t\t\t\t\t\t<a href=\"https:\/\/blomgrentravel.se\/en\/category\/news\/\">News  <\/a>\r\n\t\t\t\t\t\t\t\t\t\t\t\t\t\t\t\t\t\t<\/span>\r\n\t\t\t\t\t\t\t\t\t\t\t\t\t\t\t\t\t<h5 class=\"tl-post-el-title\"><a href=\"https:\/\/blomgrentravel.se\/en\/lufthansa-suspends-routes-to-the-middle-east\/\">Lufthansa suspends routes to the Middle East<\/a><\/h5>\r\n\t\t\t\t\t\t\t\t<\/div>\r\n\t\t\t\t\t\t<\/div>\r\n\t\t\t\t\t<\/div>\r\n\t\t\t\t\t\t\t\t\t\t<div class=\"col-md-4 mb-30 isotope-item\">\r\n\t\t\t\t\t\t<div class=\"item\">\r\n\t\t\t\t\t\t\t<div class=\"position-re o-hidden position-re-order-blog\" > \r\n\t\t\t\t\t\t\t\t\t\t\t\t\t\t<div class=\"cd-pt-ab\">\r\n\t\t\t\t\t\t\t<img decoding=\"async\" src=\"https:\/\/blomgrentravel.se\/wp-content\/uploads\/2022\/08\/Nyheter-generisk-bild.webp\" alt=\"Sk\u00e5ne Aviation begins operating flights between Malm\u00f6 Airport and Stockholm Bromma Airport.\">\r\n\t\t\t\t\t\t\t<\/div>\r\n\t\t\t\t\t\t\t\t\t\t\t\t\t\t\t<div class=\"date\">\r\n\t\t\t\t\t\t\t\t\t<a href=\"https:\/\/blomgrentravel.se\/en\/skane-aviation-begins-operating-flights-between-malmo-airport-and-stockholm-bromma-airport\/\"> <span>Mar<\/span> <i>18<\/i> <\/a>\r\n\t\t\t\t\t\t\t\t<\/div>\r\n\t\t\t\t\t\t\t<\/div>\r\n\t\t\t\t\t\t\t\t\t\t\t\t\t\t\t<div class=\"con\"> \r\n\t\t\t\t\t\t\t\t\t\t\t\t\t\t\t\t\t<span class=\"category\">\r\n\t\t\t\t\t\t\t\t\t\t\t\t\t\t\t\t\t\t\t<a href=\"https:\/\/blomgrentravel.se\/en\/category\/news\/\">News  <\/a>\r\n\t\t\t\t\t\t\t\t\t\t\t\t\t\t\t\t\t\t<\/span>\r\n\t\t\t\t\t\t\t\t\t\t\t\t\t\t\t\t\t<h5 class=\"tl-post-el-title\"><a href=\"https:\/\/blomgrentravel.se\/en\/skane-aviation-begins-operating-flights-between-malmo-airport-and-stockholm-bromma-airport\/\">Sk\u00e5ne Aviation begins operating flights between Malm\u00f6 Airport and Stockholm Bromma Airport.<\/a><\/h5>\r\n\t\t\t\t\t\t\t\t<\/div>\r\n\t\t\t\t\t\t<\/div>\r\n\t\t\t\t\t<\/div>\r\n\t\t\t\t\t\t\t\t\t\t<div class=\"col-md-4 mb-30 isotope-item\">\r\n\t\t\t\t\t\t<div class=\"item\">\r\n\t\t\t\t\t\t\t<div class=\"position-re o-hidden position-re-order-blog\" > \r\n\t\t\t\t\t\t\t\t\t\t\t\t\t\t<div class=\"cd-pt-ab\">\r\n\t\t\t\t\t\t\t<img decoding=\"async\" src=\"https:\/\/blomgrentravel.se\/wp-content\/uploads\/2022\/08\/Nyheter-generisk-bild.webp\" alt=\"SAS cancels flights \u2013 following increased fuel prices\">\r\n\t\t\t\t\t\t\t<\/div>\r\n\t\t\t\t\t\t\t\t\t\t\t\t\t\t\t<div class=\"date\">\r\n\t\t\t\t\t\t\t\t\t<a href=\"https:\/\/blomgrentravel.se\/en\/sas-cancels-flights-following-increased-fuel-prices\/\"> <span>Mar<\/span> <i>17<\/i> <\/a>\r\n\t\t\t\t\t\t\t\t<\/div>\r\n\t\t\t\t\t\t\t<\/div>\r\n\t\t\t\t\t\t\t\t\t\t\t\t\t\t\t<div class=\"con\"> \r\n\t\t\t\t\t\t\t\t\t\t\t\t\t\t\t\t\t<span class=\"category\">\r\n\t\t\t\t\t\t\t\t\t\t\t\t\t\t\t\t\t\t\t<a href=\"https:\/\/blomgrentravel.se\/en\/category\/news\/\">News  <\/a>\r\n\t\t\t\t\t\t\t\t\t\t\t\t\t\t\t\t\t\t<\/span>\r\n\t\t\t\t\t\t\t\t\t\t\t\t\t\t\t\t\t<h5 class=\"tl-post-el-title\"><a href=\"https:\/\/blomgrentravel.se\/en\/sas-cancels-flights-following-increased-fuel-prices\/\">SAS cancels flights \u2013 following increased fuel prices<\/a><\/h5>\r\n\t\t\t\t\t\t\t\t<\/div>\r\n\t\t\t\t\t\t<\/div>\r\n\t\t\t\t\t<\/div>\r\n\t\t\t\t\t\t\t\t\t\t<div class=\"col-md-4 mb-30 isotope-item\">\r\n\t\t\t\t\t\t<div class=\"item\">\r\n\t\t\t\t\t\t\t<div class=\"position-re o-hidden position-re-order-blog\" > \r\n\t\t\t\t\t\t\t\t\t\t\t\t\t\t<div class=\"cd-pt-ab\">\r\n\t\t\t\t\t\t\t<img decoding=\"async\" src=\"https:\/\/blomgrentravel.se\/wp-content\/uploads\/2022\/08\/Nyheter-generisk-bild.webp\" alt=\"Continued disruptions in air traffic across Europe\">\r\n\t\t\t\t\t\t\t<\/div>\r\n\t\t\t\t\t\t\t\t\t\t\t\t\t\t\t<div class=\"date\">\r\n\t\t\t\t\t\t\t\t\t<a href=\"https:\/\/blomgrentravel.se\/en\/continued-disruptions-in-air-traffic-across-europe\/\"> <span>Jan<\/span> <i>08<\/i> <\/a>\r\n\t\t\t\t\t\t\t\t<\/div>\r\n\t\t\t\t\t\t\t<\/div>\r\n\t\t\t\t\t\t\t\t\t\t\t\t\t\t\t<div class=\"con\"> \r\n\t\t\t\t\t\t\t\t\t\t\t\t\t\t\t\t\t<span class=\"category\">\r\n\t\t\t\t\t\t\t\t\t\t\t\t\t\t\t\t\t\t\t<a href=\"https:\/\/blomgrentravel.se\/en\/category\/news\/\">News  <\/a>\r\n\t\t\t\t\t\t\t\t\t\t\t\t\t\t\t\t\t\t<\/span>\r\n\t\t\t\t\t\t\t\t\t\t\t\t\t\t\t\t\t<h5 class=\"tl-post-el-title\"><a href=\"https:\/\/blomgrentravel.se\/en\/continued-disruptions-in-air-traffic-across-europe\/\">Continued disruptions in air traffic across Europe<\/a><\/h5>\r\n\t\t\t\t\t\t\t\t<\/div>\r\n\t\t\t\t\t\t<\/div>\r\n\t\t\t\t\t<\/div>\r\n\t\t\t\t\t\t\t\t\t<\/div>\r\n            <\/div>\r\n\t\t<\/div>\r\n\t\t\r\n        \t\t\t\t<\/div>\n\t\t\t\t<\/div>\n\t\t\t\t\t<\/div>\n\t\t<\/div>\n\t\t\t\t\t<\/div>\n\t\t<\/div>\n\t\t\t\t\t<\/div>\n\t\t<\/div>\n\t\t\t\t\t<\/div>\n\t\t<\/section>\n\t\t\t\t<\/div>\n\t\t","protected":false},"excerpt":{"rendered":"<p>apr 22 Nyheter Lufthansa st\u00e4ller in 20 000 avg\u00e5ngar apr 14 Nyheter Strejk p\u00e5 Lufthansa apr 10 Nyheter Viking Line s\u00e4nker hastigheten p\u00e5 Finlandsf\u00e4rjan apr 02 Nyheter Glad P\u00e5sk apr 01 Nyheter \u00c5terkomst av h\u00f6ghastighetst\u00e5g mellan K\u00f6penhamn och Stockholm mar 31 Nyheter Planerat driftstopp&#8230;<\/p>\n","protected":false},"author":1,"featured_media":0,"parent":0,"menu_order":0,"comment_status":"closed","ping_status":"closed","template":"","meta":{"footnotes":""},"class_list":["post-4030","page","type-page","status-publish","hentry"],"yoast_head":"<!-- This site is optimized with the Yoast SEO plugin v27.5 - https:\/\/yoast.com\/product\/yoast-seo-wordpress\/ -->\n<title>News - Blomgren TravelGroup<\/title>\n<meta name=\"robots\" content=\"index, follow, max-snippet:-1, max-image-preview:large, max-video-preview:-1\" \/>\n<link rel=\"canonical\" href=\"https:\/\/blomgrentravel.se\/en\/news\/\" \/>\n<meta property=\"og:locale\" content=\"en_US\" \/>\n<meta property=\"og:type\" content=\"article\" \/>\n<meta property=\"og:title\" content=\"News - Blomgren TravelGroup\" \/>\n<meta property=\"og:description\" content=\"apr 22 Nyheter Lufthansa st\u00e4ller in 20 000 avg\u00e5ngar apr 14 Nyheter Strejk p\u00e5 Lufthansa apr 10 Nyheter Viking Line s\u00e4nker hastigheten p\u00e5 Finlandsf\u00e4rjan apr 02 Nyheter Glad P\u00e5sk apr 01 Nyheter \u00c5terkomst av h\u00f6ghastighetst\u00e5g mellan K\u00f6penhamn och Stockholm mar 31 Nyheter Planerat driftstopp...\" \/>\n<meta property=\"og:url\" content=\"https:\/\/blomgrentravel.se\/en\/news\/\" \/>\n<meta property=\"og:site_name\" content=\"Blomgren TravelGroup\" \/>\n<meta property=\"article:modified_time\" content=\"2026-05-03T10:14:43+00:00\" \/>\n<meta property=\"og:image\" content=\"https:\/\/blomgrentravel.se\/wp-content\/uploads\/2022\/08\/Nyheter-generisk-bild.webp\" \/>\n<meta name=\"twitter:card\" content=\"summary_large_image\" \/>\n<meta name=\"twitter:label1\" content=\"Est. reading time\" \/>\n\t<meta name=\"twitter:data1\" content=\"3 minutes\" \/>\n<script type=\"application\/ld+json\" class=\"yoast-schema-graph\">{\"@context\":\"https:\\\/\\\/schema.org\",\"@graph\":[{\"@type\":\"WebPage\",\"@id\":\"https:\\\/\\\/blomgrentravel.se\\\/en\\\/news\\\/\",\"url\":\"https:\\\/\\\/blomgrentravel.se\\\/en\\\/news\\\/\",\"name\":\"News - Blomgren TravelGroup\",\"isPartOf\":{\"@id\":\"https:\\\/\\\/blomgrentravel.se\\\/en\\\/#website\"},\"primaryImageOfPage\":{\"@id\":\"https:\\\/\\\/blomgrentravel.se\\\/en\\\/news\\\/#primaryimage\"},\"image\":{\"@id\":\"https:\\\/\\\/blomgrentravel.se\\\/en\\\/news\\\/#primaryimage\"},\"thumbnailUrl\":\"https:\\\/\\\/blomgrentravel.se\\\/wp-content\\\/uploads\\\/2022\\\/08\\\/Nyheter-generisk-bild.webp\",\"datePublished\":\"2024-08-31T12:43:04+00:00\",\"dateModified\":\"2026-05-03T10:14:43+00:00\",\"breadcrumb\":{\"@id\":\"https:\\\/\\\/blomgrentravel.se\\\/en\\\/news\\\/#breadcrumb\"},\"inLanguage\":\"en-US\",\"potentialAction\":[{\"@type\":\"ReadAction\",\"target\":[\"https:\\\/\\\/blomgrentravel.se\\\/en\\\/news\\\/\"]}]},{\"@type\":\"ImageObject\",\"inLanguage\":\"en-US\",\"@id\":\"https:\\\/\\\/blomgrentravel.se\\\/en\\\/news\\\/#primaryimage\",\"url\":\"https:\\\/\\\/blomgrentravel.se\\\/wp-content\\\/uploads\\\/2022\\\/08\\\/Nyheter-generisk-bild.webp\",\"contentUrl\":\"https:\\\/\\\/blomgrentravel.se\\\/wp-content\\\/uploads\\\/2022\\\/08\\\/Nyheter-generisk-bild.webp\"},{\"@type\":\"BreadcrumbList\",\"@id\":\"https:\\\/\\\/blomgrentravel.se\\\/en\\\/news\\\/#breadcrumb\",\"itemListElement\":[{\"@type\":\"ListItem\",\"position\":1,\"name\":\"Hem\",\"item\":\"https:\\\/\\\/blomgrentravel.se\\\/en\\\/\"},{\"@type\":\"ListItem\",\"position\":2,\"name\":\"News\"}]},{\"@type\":\"WebSite\",\"@id\":\"https:\\\/\\\/blomgrentravel.se\\\/en\\\/#website\",\"url\":\"https:\\\/\\\/blomgrentravel.se\\\/en\\\/\",\"name\":\"Blomgren TravelGroup\",\"description\":\"Specialister p\u00e5 aff\u00e4rs-och gruppresor\",\"publisher\":{\"@id\":\"https:\\\/\\\/blomgrentravel.se\\\/en\\\/#organization\"},\"potentialAction\":[{\"@type\":\"SearchAction\",\"target\":{\"@type\":\"EntryPoint\",\"urlTemplate\":\"https:\\\/\\\/blomgrentravel.se\\\/en\\\/?s={search_term_string}\"},\"query-input\":{\"@type\":\"PropertyValueSpecification\",\"valueRequired\":true,\"valueName\":\"search_term_string\"}}],\"inLanguage\":\"en-US\"},{\"@type\":\"Organization\",\"@id\":\"https:\\\/\\\/blomgrentravel.se\\\/en\\\/#organization\",\"name\":\"Blomgren TravelGroup\",\"url\":\"https:\\\/\\\/blomgrentravel.se\\\/en\\\/\",\"logo\":{\"@type\":\"ImageObject\",\"inLanguage\":\"en-US\",\"@id\":\"https:\\\/\\\/blomgrentravel.se\\\/en\\\/#\\\/schema\\\/logo\\\/image\\\/\",\"url\":\"https:\\\/\\\/blomgrentravel.se\\\/wp-content\\\/uploads\\\/2024\\\/08\\\/Blomgren-Logga-350X100.webp\",\"contentUrl\":\"https:\\\/\\\/blomgrentravel.se\\\/wp-content\\\/uploads\\\/2024\\\/08\\\/Blomgren-Logga-350X100.webp\",\"width\":350,\"height\":100,\"caption\":\"Blomgren TravelGroup\"},\"image\":{\"@id\":\"https:\\\/\\\/blomgrentravel.se\\\/en\\\/#\\\/schema\\\/logo\\\/image\\\/\"}}]}<\/script>\n<!-- \/ Yoast SEO plugin. -->","yoast_head_json":{"title":"News - Blomgren TravelGroup","robots":{"index":"index","follow":"follow","max-snippet":"max-snippet:-1","max-image-preview":"max-image-preview:large","max-video-preview":"max-video-preview:-1"},"canonical":"https:\/\/blomgrentravel.se\/en\/news\/","og_locale":"en_US","og_type":"article","og_title":"News - Blomgren TravelGroup","og_description":"apr 22 Nyheter Lufthansa st\u00e4ller in 20 000 avg\u00e5ngar apr 14 Nyheter Strejk p\u00e5 Lufthansa apr 10 Nyheter Viking Line s\u00e4nker hastigheten p\u00e5 Finlandsf\u00e4rjan apr 02 Nyheter Glad P\u00e5sk apr 01 Nyheter \u00c5terkomst av h\u00f6ghastighetst\u00e5g mellan K\u00f6penhamn och Stockholm mar 31 Nyheter Planerat driftstopp...","og_url":"https:\/\/blomgrentravel.se\/en\/news\/","og_site_name":"Blomgren TravelGroup","article_modified_time":"2026-05-03T10:14:43+00:00","og_image":[{"url":"https:\/\/blomgrentravel.se\/wp-content\/uploads\/2022\/08\/Nyheter-generisk-bild.webp","type":"","width":"","height":""}],"twitter_card":"summary_large_image","twitter_misc":{"Est. reading time":"3 minutes"},"schema":{"@context":"https:\/\/schema.org","@graph":[{"@type":"WebPage","@id":"https:\/\/blomgrentravel.se\/en\/news\/","url":"https:\/\/blomgrentravel.se\/en\/news\/","name":"News - Blomgren TravelGroup","isPartOf":{"@id":"https:\/\/blomgrentravel.se\/en\/#website"},"primaryImageOfPage":{"@id":"https:\/\/blomgrentravel.se\/en\/news\/#primaryimage"},"image":{"@id":"https:\/\/blomgrentravel.se\/en\/news\/#primaryimage"},"thumbnailUrl":"https:\/\/blomgrentravel.se\/wp-content\/uploads\/2022\/08\/Nyheter-generisk-bild.webp","datePublished":"2024-08-31T12:43:04+00:00","dateModified":"2026-05-03T10:14:43+00:00","breadcrumb":{"@id":"https:\/\/blomgrentravel.se\/en\/news\/#breadcrumb"},"inLanguage":"en-US","potentialAction":[{"@type":"ReadAction","target":["https:\/\/blomgrentravel.se\/en\/news\/"]}]},{"@type":"ImageObject","inLanguage":"en-US","@id":"https:\/\/blomgrentravel.se\/en\/news\/#primaryimage","url":"https:\/\/blomgrentravel.se\/wp-content\/uploads\/2022\/08\/Nyheter-generisk-bild.webp","contentUrl":"https:\/\/blomgrentravel.se\/wp-content\/uploads\/2022\/08\/Nyheter-generisk-bild.webp"},{"@type":"BreadcrumbList","@id":"https:\/\/blomgrentravel.se\/en\/news\/#breadcrumb","itemListElement":[{"@type":"ListItem","position":1,"name":"Hem","item":"https:\/\/blomgrentravel.se\/en\/"},{"@type":"ListItem","position":2,"name":"News"}]},{"@type":"WebSite","@id":"https:\/\/blomgrentravel.se\/en\/#website","url":"https:\/\/blomgrentravel.se\/en\/","name":"Blomgren TravelGroup","description":"Specialister p\u00e5 aff\u00e4rs-och gruppresor","publisher":{"@id":"https:\/\/blomgrentravel.se\/en\/#organization"},"potentialAction":[{"@type":"SearchAction","target":{"@type":"EntryPoint","urlTemplate":"https:\/\/blomgrentravel.se\/en\/?s={search_term_string}"},"query-input":{"@type":"PropertyValueSpecification","valueRequired":true,"valueName":"search_term_string"}}],"inLanguage":"en-US"},{"@type":"Organization","@id":"https:\/\/blomgrentravel.se\/en\/#organization","name":"Blomgren TravelGroup","url":"https:\/\/blomgrentravel.se\/en\/","logo":{"@type":"ImageObject","inLanguage":"en-US","@id":"https:\/\/blomgrentravel.se\/en\/#\/schema\/logo\/image\/","url":"https:\/\/blomgrentravel.se\/wp-content\/uploads\/2024\/08\/Blomgren-Logga-350X100.webp","contentUrl":"https:\/\/blomgrentravel.se\/wp-content\/uploads\/2024\/08\/Blomgren-Logga-350X100.webp","width":350,"height":100,"caption":"Blomgren TravelGroup"},"image":{"@id":"https:\/\/blomgrentravel.se\/en\/#\/schema\/logo\/image\/"}}]}},"meta_box":[],"_links":{"self":[{"href":"https:\/\/blomgrentravel.se\/en\/wp-json\/wp\/v2\/pages\/4030","targetHints":{"allow":["GET"]}}],"collection":[{"href":"https:\/\/blomgrentravel.se\/en\/wp-json\/wp\/v2\/pages"}],"about":[{"href":"https:\/\/blomgrentravel.se\/en\/wp-json\/wp\/v2\/types\/page"}],"author":[{"embeddable":true,"href":"https:\/\/blomgrentravel.se\/en\/wp-json\/wp\/v2\/users\/1"}],"replies":[{"embeddable":true,"href":"https:\/\/blomgrentravel.se\/en\/wp-json\/wp\/v2\/comments?post=4030"}],"version-history":[{"count":5,"href":"https:\/\/blomgrentravel.se\/en\/wp-json\/wp\/v2\/pages\/4030\/revisions"}],"predecessor-version":[{"id":4051,"href":"https:\/\/blomgrentravel.se\/en\/wp-json\/wp\/v2\/pages\/4030\/revisions\/4051"}],"wp:attachment":[{"href":"https:\/\/blomgrentravel.se\/en\/wp-json\/wp\/v2\/media?parent=4030"}],"curies":[{"name":"wp","href":"https:\/\/api.w.org\/{rel}","templated":true}]}}