{"id":4033,"date":"2024-08-31T12:38:04","date_gmt":"2024-08-31T12:38:04","guid":{"rendered":"https:\/\/blomgrentravel.se\/blog\/"},"modified":"2026-05-03T13:48:48","modified_gmt":"2026-05-03T13:48:48","slug":"blog","status":"publish","type":"page","link":"https:\/\/blomgrentravel.se\/en\/blog\/","title":{"rendered":"Blog"},"content":{"rendered":"\t\t<div data-elementor-type=\"wp-page\" data-elementor-id=\"4033\" class=\"elementor elementor-4033 elementor-1371\">\n\t\t\t\t\t\t<section class=\"elementor-section elementor-top-section elementor-element elementor-element-238b5f3a elementor-section-boxed elementor-section-height-default elementor-section-height-default\" data-id=\"238b5f3a\" data-element_type=\"section\" data-e-type=\"section\">\n\t\t\t\t\t\t<div class=\"elementor-container elementor-column-gap-narrow\">\n\t\t\t\t\t<div class=\"elementor-column elementor-col-100 elementor-top-column elementor-element elementor-element-4bbf6aaa\" data-id=\"4bbf6aaa\" data-element_type=\"column\" data-e-type=\"column\">\n\t\t\t<div class=\"elementor-widget-wrap elementor-element-populated\">\n\t\t\t\t\t\t<div class=\"elementor-section elementor-inner-section elementor-element elementor-element-3399a9b2 elementor-section-full_width elementor-section-height-default elementor-section-height-default\" data-id=\"3399a9b2\" data-element_type=\"section\" data-e-type=\"section\">\n\t\t\t\t\t\t<div class=\"elementor-container elementor-column-gap-default\">\n\t\t\t\t\t<div class=\"elementor-column elementor-col-100 elementor-inner-column elementor-element elementor-element-4b687615\" data-id=\"4b687615\" data-element_type=\"column\" data-e-type=\"column\" data-settings=\"{&quot;animation&quot;:&quot;none&quot;}\">\n\t\t\t<div class=\"elementor-widget-wrap elementor-element-populated\">\n\t\t\t\t\t\t<div class=\"elementor-element elementor-element-6f39203 elementor-widget elementor-widget-travol-blog-grid\" data-id=\"6f39203\" data-element_type=\"widget\" data-e-type=\"widget\" data-widget_type=\"travol-blog-grid.default\">\n\t\t\t\t<div class=\"elementor-widget-container\">\n\t\t\t\t\t\t\t<div class=\"blog\">\r\n\t\t\t<div class=\"container-after-blog-grid\">\r\n\t\t\t\t\t\t\t\t<div class=\"row isotope-items-wrap  no-hide-last loadmore-wrapper-blog \" data-load-item=\"10000000\" data-button-text=\"Load More\">\r\n\t\t\t\t\t\t\t\t\t\t<div class=\"col-md-4 mb-30 isotope-item\">\r\n\t\t\t\t\t\t<div class=\"item\">\r\n\t\t\t\t\t\t\t<div class=\"position-re o-hidden position-re-order-blog\" > \r\n\t\t\t\t\t\t\t\t\t\t\t\t\t\t<div class=\"cd-pt-ab\">\r\n\t\t\t\t\t\t\t<img decoding=\"async\" src=\"https:\/\/blomgrentravel.se\/wp-content\/uploads\/2024\/11\/Thumbnail-destination.webp\" alt=\"Discover Hotell Furusund\">\r\n\t\t\t\t\t\t\t<\/div>\r\n\t\t\t\t\t\t\t\t\t\t\t\t\t\t\t<div class=\"date\">\r\n\t\t\t\t\t\t\t\t\t<a href=\"https:\/\/blomgrentravel.se\/en\/discover-hotell-furusund\/\"> <span>Nov<\/span> <i>25<\/i> <\/a>\r\n\t\t\t\t\t\t\t\t<\/div>\r\n\t\t\t\t\t\t\t<\/div>\r\n\t\t\t\t\t\t\t\t\t\t\t\t\t\t\t<div class=\"con\"> \r\n\t\t\t\t\t\t\t\t\t\t\t\t\t\t\t\t\t<span class=\"category\">\r\n\t\t\t\t\t\t\t\t\t\t\t\t\t\t\t\t\t\t\t<a href=\"https:\/\/blomgrentravel.se\/en\/category\/blog\/\">Blog  <\/a>\r\n\t\t\t\t\t\t\t\t\t\t\t\t\t\t\t\t\t\t<\/span>\r\n\t\t\t\t\t\t\t\t\t\t\t\t\t\t\t\t\t<h5 class=\"tl-post-el-title\"><a href=\"https:\/\/blomgrentravel.se\/en\/discover-hotell-furusund\/\">Discover Hotell Furusund<\/a><\/h5>\r\n\t\t\t\t\t\t\t\t<\/div>\r\n\t\t\t\t\t\t<\/div>\r\n\t\t\t\t\t<\/div>\r\n\t\t\t\t\t\t\t\t\t\t<div class=\"col-md-4 mb-30 isotope-item\">\r\n\t\t\t\t\t\t<div class=\"item\">\r\n\t\t\t\t\t\t\t<div class=\"position-re o-hidden position-re-order-blog\" > \r\n\t\t\t\t\t\t\t\t\t\t\t\t\t\t<div class=\"cd-pt-ab\">\r\n\t\t\t\t\t\t\t<img decoding=\"async\" src=\"https:\/\/blomgrentravel.se\/wp-content\/uploads\/2024\/09\/2-8.webp\" alt=\"The four best destinations for corporate conferences\">\r\n\t\t\t\t\t\t\t<\/div>\r\n\t\t\t\t\t\t\t\t\t\t\t\t\t\t\t<div class=\"date\">\r\n\t\t\t\t\t\t\t\t\t<a href=\"https:\/\/blomgrentravel.se\/en\/the-four-best-destinations-for-corporate-conferences\/\"> <span>Nov<\/span> <i>12<\/i> <\/a>\r\n\t\t\t\t\t\t\t\t<\/div>\r\n\t\t\t\t\t\t\t<\/div>\r\n\t\t\t\t\t\t\t\t\t\t\t\t\t\t\t<div class=\"con\"> \r\n\t\t\t\t\t\t\t\t\t\t\t\t\t\t\t\t\t<span class=\"category\">\r\n\t\t\t\t\t\t\t\t\t\t\t\t\t\t\t\t\t\t\t<a href=\"https:\/\/blomgrentravel.se\/en\/category\/blog\/\">Blog  <\/a>\r\n\t\t\t\t\t\t\t\t\t\t\t\t\t\t\t\t\t\t<\/span>\r\n\t\t\t\t\t\t\t\t\t\t\t\t\t\t\t\t\t<h5 class=\"tl-post-el-title\"><a href=\"https:\/\/blomgrentravel.se\/en\/the-four-best-destinations-for-corporate-conferences\/\">The four best destinations for corporate conferences<\/a><\/h5>\r\n\t\t\t\t\t\t\t\t<\/div>\r\n\t\t\t\t\t\t<\/div>\r\n\t\t\t\t\t<\/div>\r\n\t\t\t\t\t\t\t\t\t\t<div class=\"col-md-4 mb-30 isotope-item\">\r\n\t\t\t\t\t\t<div class=\"item\">\r\n\t\t\t\t\t\t\t<div class=\"position-re o-hidden position-re-order-blog\" > \r\n\t\t\t\t\t\t\t\t\t\t\t\t\t\t<div class=\"cd-pt-ab\">\r\n\t\t\t\t\t\t\t<img decoding=\"async\" src=\"https:\/\/blomgrentravel.se\/wp-content\/uploads\/2024\/09\/Liten-bild-destination-2.webp\" alt=\"6 advantages of using a corporate travel agency for business trips\">\r\n\t\t\t\t\t\t\t<\/div>\r\n\t\t\t\t\t\t\t\t\t\t\t\t\t\t\t<div class=\"date\">\r\n\t\t\t\t\t\t\t\t\t<a href=\"https:\/\/blomgrentravel.se\/en\/6-advantages-of-using-a-corporate-travel-agency-for-business-trips\/\"> <span>Nov<\/span> <i>04<\/i> <\/a>\r\n\t\t\t\t\t\t\t\t<\/div>\r\n\t\t\t\t\t\t\t<\/div>\r\n\t\t\t\t\t\t\t\t\t\t\t\t\t\t\t<div class=\"con\"> \r\n\t\t\t\t\t\t\t\t\t\t\t\t\t\t\t\t\t<span class=\"category\">\r\n\t\t\t\t\t\t\t\t\t\t\t\t\t\t\t\t\t\t\t<a href=\"https:\/\/blomgrentravel.se\/en\/category\/blog\/\">Blog  <\/a>\r\n\t\t\t\t\t\t\t\t\t\t\t\t\t\t\t\t\t\t<\/span>\r\n\t\t\t\t\t\t\t\t\t\t\t\t\t\t\t\t\t<h5 class=\"tl-post-el-title\"><a href=\"https:\/\/blomgrentravel.se\/en\/6-advantages-of-using-a-corporate-travel-agency-for-business-trips\/\">6 advantages of using a corporate travel agency for business trips<\/a><\/h5>\r\n\t\t\t\t\t\t\t\t<\/div>\r\n\t\t\t\t\t\t<\/div>\r\n\t\t\t\t\t<\/div>\r\n\t\t\t\t\t\t\t\t\t<\/div>\r\n            <\/div>\r\n\t\t<\/div>\r\n\t\t\r\n        \t\t\t\t<\/div>\n\t\t\t\t<\/div>\n\t\t\t\t\t<\/div>\n\t\t<\/div>\n\t\t\t\t\t<\/div>\n\t\t<\/div>\n\t\t\t\t\t<\/div>\n\t\t<\/div>\n\t\t\t\t\t<\/div>\n\t\t<\/section>\n\t\t\t\t<\/div>\n\t\t","protected":false},"excerpt":{"rendered":"<p>okt 26 Blogg Julbordstips \u2013 f\u00f6r dig som \u00e4r ute i sista minuten apr 08 Blogg Uppt\u00e4ck P\u00e5sk\u00f6n: En guide till statyerna, historien och mysterierna p\u00e5 Rapa Nui feb 28 Blogg Dags att planera sommaravslutningen \u2013 h\u00e4r \u00e4r n\u00e5gra av v\u00e5ra b\u00e4sta id\u00e9erna! jan&#8230;<\/p>\n","protected":false},"author":1,"featured_media":0,"parent":0,"menu_order":0,"comment_status":"closed","ping_status":"closed","template":"","meta":{"footnotes":""},"class_list":["post-4033","page","type-page","status-publish","hentry"],"yoast_head":"<!-- This site is optimized with the Yoast SEO plugin v27.5 - https:\/\/yoast.com\/product\/yoast-seo-wordpress\/ -->\n<title>Blog - Blomgren TravelGroup<\/title>\n<meta name=\"robots\" content=\"index, follow, max-snippet:-1, max-image-preview:large, max-video-preview:-1\" \/>\n<link rel=\"canonical\" href=\"https:\/\/blomgrentravel.se\/en\/blog\/\" \/>\n<meta property=\"og:locale\" content=\"en_US\" \/>\n<meta property=\"og:type\" content=\"article\" \/>\n<meta property=\"og:title\" content=\"Blog - Blomgren TravelGroup\" \/>\n<meta property=\"og:description\" content=\"okt 26 Blogg Julbordstips \u2013 f\u00f6r dig som \u00e4r ute i sista minuten apr 08 Blogg Uppt\u00e4ck P\u00e5sk\u00f6n: En guide till statyerna, historien och mysterierna p\u00e5 Rapa Nui feb 28 Blogg Dags att planera sommaravslutningen \u2013 h\u00e4r \u00e4r n\u00e5gra av v\u00e5ra b\u00e4sta id\u00e9erna! jan...\" \/>\n<meta property=\"og:url\" content=\"https:\/\/blomgrentravel.se\/en\/blog\/\" \/>\n<meta property=\"og:site_name\" content=\"Blomgren TravelGroup\" \/>\n<meta property=\"article:modified_time\" content=\"2026-05-03T13:48:48+00:00\" \/>\n<meta property=\"og:image\" content=\"https:\/\/blomgrentravel.se\/wp-content\/uploads\/2025\/10\/Blomgren-TravelGroup-Blogg-Julbordstips-utvaldbild-1200x628-1.webp\" \/>\n<meta name=\"twitter:card\" content=\"summary_large_image\" \/>\n<meta name=\"twitter:label1\" content=\"Est. reading time\" \/>\n\t<meta name=\"twitter:data1\" content=\"3 minutes\" \/>\n<script type=\"application\/ld+json\" class=\"yoast-schema-graph\">{\"@context\":\"https:\\\/\\\/schema.org\",\"@graph\":[{\"@type\":\"WebPage\",\"@id\":\"https:\\\/\\\/blomgrentravel.se\\\/en\\\/blog\\\/\",\"url\":\"https:\\\/\\\/blomgrentravel.se\\\/en\\\/blog\\\/\",\"name\":\"Blog - Blomgren TravelGroup\",\"isPartOf\":{\"@id\":\"https:\\\/\\\/blomgrentravel.se\\\/en\\\/#website\"},\"primaryImageOfPage\":{\"@id\":\"https:\\\/\\\/blomgrentravel.se\\\/en\\\/blog\\\/#primaryimage\"},\"image\":{\"@id\":\"https:\\\/\\\/blomgrentravel.se\\\/en\\\/blog\\\/#primaryimage\"},\"thumbnailUrl\":\"https:\\\/\\\/blomgrentravel.se\\\/wp-content\\\/uploads\\\/2025\\\/10\\\/Blomgren-TravelGroup-Blogg-Julbordstips-utvaldbild-1200x628-1.webp\",\"datePublished\":\"2024-08-31T12:38:04+00:00\",\"dateModified\":\"2026-05-03T13:48:48+00:00\",\"breadcrumb\":{\"@id\":\"https:\\\/\\\/blomgrentravel.se\\\/en\\\/blog\\\/#breadcrumb\"},\"inLanguage\":\"en-US\",\"potentialAction\":[{\"@type\":\"ReadAction\",\"target\":[\"https:\\\/\\\/blomgrentravel.se\\\/en\\\/blog\\\/\"]}]},{\"@type\":\"ImageObject\",\"inLanguage\":\"en-US\",\"@id\":\"https:\\\/\\\/blomgrentravel.se\\\/en\\\/blog\\\/#primaryimage\",\"url\":\"https:\\\/\\\/blomgrentravel.se\\\/wp-content\\\/uploads\\\/2025\\\/10\\\/Blomgren-TravelGroup-Blogg-Julbordstips-utvaldbild-1200x628-1.webp\",\"contentUrl\":\"https:\\\/\\\/blomgrentravel.se\\\/wp-content\\\/uploads\\\/2025\\\/10\\\/Blomgren-TravelGroup-Blogg-Julbordstips-utvaldbild-1200x628-1.webp\"},{\"@type\":\"BreadcrumbList\",\"@id\":\"https:\\\/\\\/blomgrentravel.se\\\/en\\\/blog\\\/#breadcrumb\",\"itemListElement\":[{\"@type\":\"ListItem\",\"position\":1,\"name\":\"Hem\",\"item\":\"https:\\\/\\\/blomgrentravel.se\\\/en\\\/\"},{\"@type\":\"ListItem\",\"position\":2,\"name\":\"Blog\"}]},{\"@type\":\"WebSite\",\"@id\":\"https:\\\/\\\/blomgrentravel.se\\\/en\\\/#website\",\"url\":\"https:\\\/\\\/blomgrentravel.se\\\/en\\\/\",\"name\":\"Blomgren TravelGroup\",\"description\":\"Specialister p\u00e5 aff\u00e4rs-och gruppresor\",\"publisher\":{\"@id\":\"https:\\\/\\\/blomgrentravel.se\\\/en\\\/#organization\"},\"potentialAction\":[{\"@type\":\"SearchAction\",\"target\":{\"@type\":\"EntryPoint\",\"urlTemplate\":\"https:\\\/\\\/blomgrentravel.se\\\/en\\\/?s={search_term_string}\"},\"query-input\":{\"@type\":\"PropertyValueSpecification\",\"valueRequired\":true,\"valueName\":\"search_term_string\"}}],\"inLanguage\":\"en-US\"},{\"@type\":\"Organization\",\"@id\":\"https:\\\/\\\/blomgrentravel.se\\\/en\\\/#organization\",\"name\":\"Blomgren TravelGroup\",\"url\":\"https:\\\/\\\/blomgrentravel.se\\\/en\\\/\",\"logo\":{\"@type\":\"ImageObject\",\"inLanguage\":\"en-US\",\"@id\":\"https:\\\/\\\/blomgrentravel.se\\\/en\\\/#\\\/schema\\\/logo\\\/image\\\/\",\"url\":\"https:\\\/\\\/blomgrentravel.se\\\/wp-content\\\/uploads\\\/2024\\\/08\\\/Blomgren-Logga-350X100.webp\",\"contentUrl\":\"https:\\\/\\\/blomgrentravel.se\\\/wp-content\\\/uploads\\\/2024\\\/08\\\/Blomgren-Logga-350X100.webp\",\"width\":350,\"height\":100,\"caption\":\"Blomgren TravelGroup\"},\"image\":{\"@id\":\"https:\\\/\\\/blomgrentravel.se\\\/en\\\/#\\\/schema\\\/logo\\\/image\\\/\"}}]}<\/script>\n<!-- \/ Yoast SEO plugin. -->","yoast_head_json":{"title":"Blog - Blomgren TravelGroup","robots":{"index":"index","follow":"follow","max-snippet":"max-snippet:-1","max-image-preview":"max-image-preview:large","max-video-preview":"max-video-preview:-1"},"canonical":"https:\/\/blomgrentravel.se\/en\/blog\/","og_locale":"en_US","og_type":"article","og_title":"Blog - Blomgren TravelGroup","og_description":"okt 26 Blogg Julbordstips \u2013 f\u00f6r dig som \u00e4r ute i sista minuten apr 08 Blogg Uppt\u00e4ck P\u00e5sk\u00f6n: En guide till statyerna, historien och mysterierna p\u00e5 Rapa Nui feb 28 Blogg Dags att planera sommaravslutningen \u2013 h\u00e4r \u00e4r n\u00e5gra av v\u00e5ra b\u00e4sta id\u00e9erna! jan...","og_url":"https:\/\/blomgrentravel.se\/en\/blog\/","og_site_name":"Blomgren TravelGroup","article_modified_time":"2026-05-03T13:48:48+00:00","og_image":[{"url":"https:\/\/blomgrentravel.se\/wp-content\/uploads\/2025\/10\/Blomgren-TravelGroup-Blogg-Julbordstips-utvaldbild-1200x628-1.webp","type":"","width":"","height":""}],"twitter_card":"summary_large_image","twitter_misc":{"Est. reading time":"3 minutes"},"schema":{"@context":"https:\/\/schema.org","@graph":[{"@type":"WebPage","@id":"https:\/\/blomgrentravel.se\/en\/blog\/","url":"https:\/\/blomgrentravel.se\/en\/blog\/","name":"Blog - Blomgren TravelGroup","isPartOf":{"@id":"https:\/\/blomgrentravel.se\/en\/#website"},"primaryImageOfPage":{"@id":"https:\/\/blomgrentravel.se\/en\/blog\/#primaryimage"},"image":{"@id":"https:\/\/blomgrentravel.se\/en\/blog\/#primaryimage"},"thumbnailUrl":"https:\/\/blomgrentravel.se\/wp-content\/uploads\/2025\/10\/Blomgren-TravelGroup-Blogg-Julbordstips-utvaldbild-1200x628-1.webp","datePublished":"2024-08-31T12:38:04+00:00","dateModified":"2026-05-03T13:48:48+00:00","breadcrumb":{"@id":"https:\/\/blomgrentravel.se\/en\/blog\/#breadcrumb"},"inLanguage":"en-US","potentialAction":[{"@type":"ReadAction","target":["https:\/\/blomgrentravel.se\/en\/blog\/"]}]},{"@type":"ImageObject","inLanguage":"en-US","@id":"https:\/\/blomgrentravel.se\/en\/blog\/#primaryimage","url":"https:\/\/blomgrentravel.se\/wp-content\/uploads\/2025\/10\/Blomgren-TravelGroup-Blogg-Julbordstips-utvaldbild-1200x628-1.webp","contentUrl":"https:\/\/blomgrentravel.se\/wp-content\/uploads\/2025\/10\/Blomgren-TravelGroup-Blogg-Julbordstips-utvaldbild-1200x628-1.webp"},{"@type":"BreadcrumbList","@id":"https:\/\/blomgrentravel.se\/en\/blog\/#breadcrumb","itemListElement":[{"@type":"ListItem","position":1,"name":"Hem","item":"https:\/\/blomgrentravel.se\/en\/"},{"@type":"ListItem","position":2,"name":"Blog"}]},{"@type":"WebSite","@id":"https:\/\/blomgrentravel.se\/en\/#website","url":"https:\/\/blomgrentravel.se\/en\/","name":"Blomgren TravelGroup","description":"Specialister p\u00e5 aff\u00e4rs-och gruppresor","publisher":{"@id":"https:\/\/blomgrentravel.se\/en\/#organization"},"potentialAction":[{"@type":"SearchAction","target":{"@type":"EntryPoint","urlTemplate":"https:\/\/blomgrentravel.se\/en\/?s={search_term_string}"},"query-input":{"@type":"PropertyValueSpecification","valueRequired":true,"valueName":"search_term_string"}}],"inLanguage":"en-US"},{"@type":"Organization","@id":"https:\/\/blomgrentravel.se\/en\/#organization","name":"Blomgren TravelGroup","url":"https:\/\/blomgrentravel.se\/en\/","logo":{"@type":"ImageObject","inLanguage":"en-US","@id":"https:\/\/blomgrentravel.se\/en\/#\/schema\/logo\/image\/","url":"https:\/\/blomgrentravel.se\/wp-content\/uploads\/2024\/08\/Blomgren-Logga-350X100.webp","contentUrl":"https:\/\/blomgrentravel.se\/wp-content\/uploads\/2024\/08\/Blomgren-Logga-350X100.webp","width":350,"height":100,"caption":"Blomgren TravelGroup"},"image":{"@id":"https:\/\/blomgrentravel.se\/en\/#\/schema\/logo\/image\/"}}]}},"meta_box":[],"_links":{"self":[{"href":"https:\/\/blomgrentravel.se\/en\/wp-json\/wp\/v2\/pages\/4033","targetHints":{"allow":["GET"]}}],"collection":[{"href":"https:\/\/blomgrentravel.se\/en\/wp-json\/wp\/v2\/pages"}],"about":[{"href":"https:\/\/blomgrentravel.se\/en\/wp-json\/wp\/v2\/types\/page"}],"author":[{"embeddable":true,"href":"https:\/\/blomgrentravel.se\/en\/wp-json\/wp\/v2\/users\/1"}],"replies":[{"embeddable":true,"href":"https:\/\/blomgrentravel.se\/en\/wp-json\/wp\/v2\/comments?post=4033"}],"version-history":[{"count":2,"href":"https:\/\/blomgrentravel.se\/en\/wp-json\/wp\/v2\/pages\/4033\/revisions"}],"predecessor-version":[{"id":4215,"href":"https:\/\/blomgrentravel.se\/en\/wp-json\/wp\/v2\/pages\/4033\/revisions\/4215"}],"wp:attachment":[{"href":"https:\/\/blomgrentravel.se\/en\/wp-json\/wp\/v2\/media?parent=4033"}],"curies":[{"name":"wp","href":"https:\/\/api.w.org\/{rel}","templated":true}]}}